{"id":117,"date":"2022-07-18T15:35:41","date_gmt":"2022-07-18T15:35:41","guid":{"rendered":"https:\/\/slickhost.agency\/eurosub\/?page_id=117"},"modified":"2022-07-18T15:44:08","modified_gmt":"2022-07-18T15:44:08","slug":"finest-quality","status":"publish","type":"page","link":"https:\/\/eurosubstrates.com\/fr\/finest-quality\/","title":{"rendered":"Finest Quality"},"content":{"rendered":"<div data-elementor-type=\"wp-page\" data-elementor-id=\"117\" class=\"elementor elementor-117\">\n\t\t\t\t\t\t\t\t\t<section data-particle_enable=\"false\" data-particle-mobile-disabled=\"false\" class=\"elementor-section elementor-top-section elementor-element elementor-element-6382f6d elementor-section-height-min-height elementor-section-boxed elementor-section-height-default elementor-section-items-middle\" data-id=\"6382f6d\" data-element_type=\"section\" data-settings=\"{&quot;background_background&quot;:&quot;classic&quot;,&quot;_ha_eqh_enable&quot;:false}\">\n\t\t\t\t\t\t\t<div class=\"elementor-background-overlay\"><\/div>\n\t\t\t\t\t\t\t<div class=\"elementor-container elementor-column-gap-no\">\n\t\t\t\t\t<div class=\"elementor-column elementor-col-100 elementor-top-column elementor-element elementor-element-6ed8f8d\" data-id=\"6ed8f8d\" data-element_type=\"column\">\n\t\t\t<div class=\"elementor-widget-wrap elementor-element-populated\">\n\t\t\t\t\t\t\t\t\t<\/div>\n\t\t<\/div>\n\t\t\t\t\t\t\t<\/div>\n\t\t<\/section>\n\t\t\t\t<section data-particle_enable=\"false\" data-particle-mobile-disabled=\"false\" class=\"elementor-section elementor-top-section elementor-element elementor-element-3ea427c elementor-section-boxed elementor-section-height-default elementor-section-height-default\" data-id=\"3ea427c\" data-element_type=\"section\" data-settings=\"{&quot;_ha_eqh_enable&quot;:false}\">\n\t\t\t\t\t\t<div class=\"elementor-container elementor-column-gap-default\">\n\t\t\t\t\t<div class=\"elementor-column elementor-col-100 elementor-top-column elementor-element elementor-element-1269ca5\" data-id=\"1269ca5\" data-element_type=\"column\">\n\t\t\t<div class=\"elementor-widget-wrap elementor-element-populated\">\n\t\t\t\t\t\t\t\t<div class=\"elementor-element elementor-element-a3b8452 elementor-widget elementor-widget-text-editor\" data-id=\"a3b8452\" data-element_type=\"widget\" data-widget_type=\"text-editor.default\">\n\t\t\t\t<div class=\"elementor-widget-container\">\n\t\t\t<style>\/*! elementor - v3.6.7 - 03-07-2022 *\/\n.elementor-widget-text-editor.elementor-drop-cap-view-stacked .elementor-drop-cap{background-color:#818a91;color:#fff}.elementor-widget-text-editor.elementor-drop-cap-view-framed .elementor-drop-cap{color:#818a91;border:3px solid;background-color:transparent}.elementor-widget-text-editor:not(.elementor-drop-cap-view-default) .elementor-drop-cap{margin-top:8px}.elementor-widget-text-editor:not(.elementor-drop-cap-view-default) .elementor-drop-cap-letter{width:1em;height:1em}.elementor-widget-text-editor .elementor-drop-cap{float:left;text-align:center;line-height:1;font-size:50px}.elementor-widget-text-editor .elementor-drop-cap-letter{display:inline-block}<\/style>\t\t\t\t<p>We strive to provide the finest quality products through a process that guarantees consistency at every single step. We have adopted an unparalleled quality assurance system. Our competent and specialized team is responsible for this process. The warrant that only the finest products leave our premises exceeding the expectations of our clients.<\/p><p>La meilleure qualit\u00e9 de nos produits associ\u00e9e \u00e0 notre service in\u00e9gal\u00e9 permet de r\u00e9pondre \u00e0 une vari\u00e9t\u00e9 de besoins uniques pr\u00e9sent\u00e9s par nos clients. Nous veillons \u00e0 ce que ces normes soient maintenues gr\u00e2ce \u00e0 un processus d'am\u00e9lioration continue afin de continuer \u00e0 fournir les solutions les plus adapt\u00e9es \u00e0 leurs exigences.<\/p><p>\u00a0<\/p>\t\t\t\t\t\t<\/div>\n\t\t\t\t<\/div>\n\t\t\t\t\t<\/div>\n\t\t<\/div>\n\t\t\t\t\t\t\t<\/div>\n\t\t<\/section>\n\t\t\t\t<section data-particle_enable=\"false\" data-particle-mobile-disabled=\"false\" class=\"elementor-section elementor-top-section elementor-element elementor-element-e8b675f elementor-section-full_width elementor-section-height-default elementor-section-height-default\" data-id=\"e8b675f\" data-element_type=\"section\" data-settings=\"{&quot;_ha_eqh_enable&quot;:false}\">\n\t\t\t\t\t\t<div class=\"elementor-container elementor-column-gap-no\">\n\t\t\t\t\t<div class=\"elementor-column elementor-col-100 elementor-top-column elementor-element elementor-element-bef6b61\" data-id=\"bef6b61\" data-element_type=\"column\">\n\t\t\t<div class=\"elementor-widget-wrap elementor-element-populated\">\n\t\t\t\t\t\t\t\t<div class=\"elementor-element elementor-element-db52130 elementor-widget elementor-widget-image\" data-id=\"db52130\" data-element_type=\"widget\" data-widget_type=\"image.default\">\n\t\t\t\t<div class=\"elementor-widget-container\">\n\t\t\t<style>\/*! elementor - v3.6.7 - 03-07-2022 *\/\n.elementor-widget-image{text-align:center}.elementor-widget-image a{display:inline-block}.elementor-widget-image a img[src$=\".svg\"]{width:48px}.elementor-widget-image img{vertical-align:middle;display:inline-block}<\/style>\t\t\t\t\t\t\t\t\t\t\t\t<img loading=\"lazy\" decoding=\"async\" width=\"1922\" height=\"516\" src=\"https:\/\/eurosubstrates.com\/wp-content\/uploads\/2022\/07\/2-1.jpg\" class=\"attachment-full size-full\" alt=\"\" srcset=\"https:\/\/eurosubstrates.com\/wp-content\/uploads\/2022\/07\/2-1.jpg 1922w, https:\/\/eurosubstrates.com\/wp-content\/uploads\/2022\/07\/2-1-300x81.jpg 300w, https:\/\/eurosubstrates.com\/wp-content\/uploads\/2022\/07\/2-1-1024x275.jpg 1024w, https:\/\/eurosubstrates.com\/wp-content\/uploads\/2022\/07\/2-1-768x206.jpg 768w, https:\/\/eurosubstrates.com\/wp-content\/uploads\/2022\/07\/2-1-1536x412.jpg 1536w, https:\/\/eurosubstrates.com\/wp-content\/uploads\/2022\/07\/2-1-260x70.jpg 260w, https:\/\/eurosubstrates.com\/wp-content\/uploads\/2022\/07\/2-1-50x13.jpg 50w, https:\/\/eurosubstrates.com\/wp-content\/uploads\/2022\/07\/2-1-150x40.jpg 150w, https:\/\/eurosubstrates.com\/wp-content\/uploads\/2022\/07\/2-1-1920x516.jpg 1920w\" sizes=\"auto, (max-width: 1922px) 100vw, 1922px\" \/>\t\t\t\t\t\t\t\t\t\t\t\t\t\t\t<\/div>\n\t\t\t\t<\/div>\n\t\t\t\t\t<\/div>\n\t\t<\/div>\n\t\t\t\t\t\t\t<\/div>\n\t\t<\/section>\n\t\t\t\t\t\t\t<\/div>","protected":false},"excerpt":{"rendered":"<p>We strive to provide the finest quality products through a process that guarantees consistency at every single step. We have adopted an unparalleled quality assurance system.<span class=\"excerpt-hellip\"> [\u2026]<\/span><\/p>","protected":false},"author":1,"featured_media":0,"parent":0,"menu_order":0,"comment_status":"closed","ping_status":"closed","template":"elementor_header_footer","meta":{"footnotes":""},"class_list":["post-117","page","type-page","status-publish","hentry"],"_links":{"self":[{"href":"https:\/\/eurosubstrates.com\/fr\/wp-json\/wp\/v2\/pages\/117","targetHints":{"allow":["GET"]}}],"collection":[{"href":"https:\/\/eurosubstrates.com\/fr\/wp-json\/wp\/v2\/pages"}],"about":[{"href":"https:\/\/eurosubstrates.com\/fr\/wp-json\/wp\/v2\/types\/page"}],"author":[{"embeddable":true,"href":"https:\/\/eurosubstrates.com\/fr\/wp-json\/wp\/v2\/users\/1"}],"replies":[{"embeddable":true,"href":"https:\/\/eurosubstrates.com\/fr\/wp-json\/wp\/v2\/comments?post=117"}],"version-history":[{"count":13,"href":"https:\/\/eurosubstrates.com\/fr\/wp-json\/wp\/v2\/pages\/117\/revisions"}],"predecessor-version":[{"id":133,"href":"https:\/\/eurosubstrates.com\/fr\/wp-json\/wp\/v2\/pages\/117\/revisions\/133"}],"wp:attachment":[{"href":"https:\/\/eurosubstrates.com\/fr\/wp-json\/wp\/v2\/media?parent=117"}],"curies":[{"name":"wp","href":"https:\/\/api.w.org\/{rel}","templated":true}]}}