{"id":550,"date":"2022-09-15T10:49:09","date_gmt":"2022-09-15T10:49:09","guid":{"rendered":"https:\/\/slickhost.agency\/eurosub\/?page_id=550"},"modified":"2023-02-13T07:37:28","modified_gmt":"2023-02-13T07:37:28","slug":"grow-pots","status":"publish","type":"page","link":"https:\/\/eurosubstrates.com\/fr\/grow-pots\/","title":{"rendered":"Pots de culture"},"content":{"rendered":"<div data-elementor-type=\"wp-page\" data-elementor-id=\"550\" class=\"elementor elementor-550\">\n\t\t\t\t\t\t\t\t\t<section data-particle_enable=\"false\" data-particle-mobile-disabled=\"false\" class=\"elementor-section elementor-top-section elementor-element elementor-element-6382f6d elementor-section-height-min-height elementor-section-boxed elementor-section-height-default elementor-section-items-middle\" data-id=\"6382f6d\" data-element_type=\"section\" data-settings=\"{&quot;background_background&quot;:&quot;classic&quot;,&quot;_ha_eqh_enable&quot;:false}\">\n\t\t\t\t\t\t\t<div class=\"elementor-background-overlay\"><\/div>\n\t\t\t\t\t\t\t<div class=\"elementor-container elementor-column-gap-no\">\n\t\t\t\t\t<div class=\"elementor-column elementor-col-100 elementor-top-column elementor-element elementor-element-6ed8f8d\" data-id=\"6ed8f8d\" data-element_type=\"column\">\n\t\t\t<div class=\"elementor-widget-wrap\">\n\t\t\t\t\t\t\t\t\t<\/div>\n\t\t<\/div>\n\t\t\t\t\t\t\t<\/div>\n\t\t<\/section>\n\t\t\t\t<section data-particle_enable=\"false\" data-particle-mobile-disabled=\"false\" class=\"elementor-section elementor-top-section elementor-element elementor-element-3ea427c elementor-section-boxed elementor-section-height-default elementor-section-height-default\" data-id=\"3ea427c\" data-element_type=\"section\" data-settings=\"{&quot;_ha_eqh_enable&quot;:false}\">\n\t\t\t\t\t\t<div class=\"elementor-container elementor-column-gap-default\">\n\t\t\t\t\t<div class=\"elementor-column elementor-col-100 elementor-top-column elementor-element elementor-element-1269ca5\" data-id=\"1269ca5\" data-element_type=\"column\">\n\t\t\t<div class=\"elementor-widget-wrap elementor-element-populated\">\n\t\t\t\t\t\t\t\t<section data-particle_enable=\"false\" data-particle-mobile-disabled=\"false\" class=\"elementor-section elementor-inner-section elementor-element elementor-element-81e25ff elementor-section-boxed elementor-section-height-default elementor-section-height-default\" data-id=\"81e25ff\" data-element_type=\"section\" data-settings=\"{&quot;_ha_eqh_enable&quot;:false}\">\n\t\t\t\t\t\t<div class=\"elementor-container elementor-column-gap-default\">\n\t\t\t\t\t<div class=\"elementor-column elementor-col-50 elementor-inner-column elementor-element elementor-element-77d2f77\" data-id=\"77d2f77\" data-element_type=\"column\">\n\t\t\t<div class=\"elementor-widget-wrap elementor-element-populated\">\n\t\t\t\t\t\t\t\t<div class=\"elementor-element elementor-element-07c60b8 elementor-invisible elementor-widget elementor-widget-heading\" data-id=\"07c60b8\" data-element_type=\"widget\" data-settings=\"{&quot;_animation&quot;:&quot;bounceIn&quot;}\" data-widget_type=\"heading.default\">\n\t\t\t\t<div class=\"elementor-widget-container\">\n\t\t\t<style>\/*! elementor - v3.6.7 - 03-07-2022 *\/\n.elementor-heading-title{padding:0;margin:0;line-height:1}.elementor-widget-heading .elementor-heading-title[class*=elementor-size-]>a{color:inherit;font-size:inherit;line-height:inherit}.elementor-widget-heading .elementor-heading-title.elementor-size-small{font-size:15px}.elementor-widget-heading .elementor-heading-title.elementor-size-medium{font-size:19px}.elementor-widget-heading .elementor-heading-title.elementor-size-large{font-size:29px}.elementor-widget-heading .elementor-heading-title.elementor-size-xl{font-size:39px}.elementor-widget-heading .elementor-heading-title.elementor-size-xxl{font-size:59px}<\/style><h1 class=\"elementor-heading-title elementor-size-default\">Pots de culture<\/h1>\t\t<\/div>\n\t\t\t\t<\/div>\n\t\t\t\t<div class=\"elementor-element elementor-element-a3b8452 elementor-widget elementor-widget-text-editor\" data-id=\"a3b8452\" data-element_type=\"widget\" data-widget_type=\"text-editor.default\">\n\t\t\t\t<div class=\"elementor-widget-container\">\n\t\t\t<style>\/*! elementor - v3.6.7 - 03-07-2022 *\/\n.elementor-widget-text-editor.elementor-drop-cap-view-stacked .elementor-drop-cap{background-color:#818a91;color:#fff}.elementor-widget-text-editor.elementor-drop-cap-view-framed .elementor-drop-cap{color:#818a91;border:3px solid;background-color:transparent}.elementor-widget-text-editor:not(.elementor-drop-cap-view-default) .elementor-drop-cap{margin-top:8px}.elementor-widget-text-editor:not(.elementor-drop-cap-view-default) .elementor-drop-cap-letter{width:1em;height:1em}.elementor-widget-text-editor .elementor-drop-cap{float:left;text-align:center;line-height:1;font-size:50px}.elementor-widget-text-editor .elementor-drop-cap-letter{display:inline-block}<\/style>\t\t\t\t<p style=\"text-align: left;\">Les pots de culture, \u00e9galement connus sous le nom de \u00ab sacs de plantation \u00bb, sont dot\u00e9s de trous de drainage pr\u00e9d\u00e9coup\u00e9s afin que le sac lui-m\u00eame puisse agir comme un pot. En ajoutant simplement de l'eau, la fibre de coco est hydrat\u00e9e \u00e0 l'int\u00e9rieur du sac et est pr\u00eate \u00e0 \u00eatre plant\u00e9e. Cela offre une commodit\u00e9 aux producteurs de diff\u00e9rentes \u00e9chelles, permettant un transfert facile vers d'autres pots ou une improvisation et une personnalisation selon les besoins.<\/p>\t\t\t\t\t\t<\/div>\n\t\t\t\t<\/div>\n\t\t\t\t<div class=\"elementor-element elementor-element-652781c elementor-widget elementor-widget-image\" data-id=\"652781c\" data-element_type=\"widget\" data-widget_type=\"image.default\">\n\t\t\t\t<div class=\"elementor-widget-container\">\n\t\t\t<style>\/*! elementor - v3.6.7 - 03-07-2022 *\/\n.elementor-widget-image{text-align:center}.elementor-widget-image a{display:inline-block}.elementor-widget-image a img[src$=\".svg\"]{width:48px}.elementor-widget-image img{vertical-align:middle;display:inline-block}<\/style>\t\t\t\t\t\t\t\t\t\t\t\t<img loading=\"lazy\" decoding=\"async\" width=\"500\" height=\"278\" src=\"https:\/\/eurosubstrates.com\/wp-content\/uploads\/2023\/01\/new-3.png\" class=\"attachment-large size-large\" alt=\"\" srcset=\"https:\/\/eurosubstrates.com\/wp-content\/uploads\/2023\/01\/new-3.png 500w, https:\/\/eurosubstrates.com\/wp-content\/uploads\/2023\/01\/new-3-300x167.png 300w, https:\/\/eurosubstrates.com\/wp-content\/uploads\/2023\/01\/new-3-260x146.png 260w, https:\/\/eurosubstrates.com\/wp-content\/uploads\/2023\/01\/new-3-50x28.png 50w, https:\/\/eurosubstrates.com\/wp-content\/uploads\/2023\/01\/new-3-135x75.png 135w\" sizes=\"auto, (max-width: 500px) 100vw, 500px\" \/>\t\t\t\t\t\t\t\t\t\t\t\t\t\t\t<\/div>\n\t\t\t\t<\/div>\n\t\t\t\t<div class=\"elementor-element elementor-element-05b0134 elementor-widget elementor-widget-text-editor\" data-id=\"05b0134\" data-element_type=\"widget\" data-widget_type=\"text-editor.default\">\n\t\t\t\t<div class=\"elementor-widget-container\">\n\t\t\t\t\t\t\t<table class=\"alignleft\" style=\"width: 100%;\">\n<tbody>\n<tr>\n<td>type de materiau<\/td>\n<td>Tourbe de coco Standard Basic ou coque de noix de coco broy\u00e9e ou une combinaison selon la demande. (en mat\u00e9riel non lav\u00e9, lav\u00e9 ou pr\u00e9-fertilis\u00e9)<\/td>\n<\/tr>\n<tr>\n<td>Taille<\/td>\n<td>Les sacs standard sont disponibles en 8 L, 10 L et 12 L ou peuvent \u00eatre personnalis\u00e9s en fonction des besoins sp\u00e9cifiques croissants du client.<\/td>\n<\/tr>\n<tr>\n<td>Emballage<\/td>\n<td>Dans des sacs en plastique trait\u00e9s anti-UV avec trous de drainage pr\u00e9d\u00e9coup\u00e9s<\/td>\n<\/tr>\n\n<\/tbody>\n<\/table>\t\t\t\t\t\t<\/div>\n\t\t\t\t<\/div>\n\t\t\t\t<div class=\"elementor-element elementor-element-416f7e3 elementor-invisible elementor-widget elementor-widget-heading\" data-id=\"416f7e3\" data-element_type=\"widget\" data-settings=\"{&quot;_animation&quot;:&quot;bounceIn&quot;}\" data-widget_type=\"heading.default\">\n\t\t\t\t<div class=\"elementor-widget-container\">\n\t\t\t<h1 class=\"elementor-heading-title elementor-size-default\">Tirer le meilleur parti de vos pots de culture<\/h1>\t\t<\/div>\n\t\t\t\t<\/div>\n\t\t\t\t<div class=\"elementor-element elementor-element-a6c12b9 elementor-widget elementor-widget-text-editor\" data-id=\"a6c12b9\" data-element_type=\"widget\" data-widget_type=\"text-editor.default\">\n\t\t\t\t<div class=\"elementor-widget-container\">\n\t\t\t\t\t\t\t<ul><li>Id\u00e9al pour cultiver une vari\u00e9t\u00e9 de plantes<\/li><li>Utilisez chaque sac pour faire pousser des plantes individuelles ou m\u00eame deux \u00e0 la fois<\/li><li>Recyclage pratique, convivial et facile<\/li><li>Pr\u00eat \u00e0 l'emploi \u2013 peut \u00eatre utilis\u00e9 directement comme pot<\/li><li>La taille peut \u00eatre personnalis\u00e9e selon les dimensions sp\u00e9cifiques du client<\/li><li>Coh\u00e9rent, fiable et facile \u00e0 utiliser, pour les producteurs de toute taille<\/li><\/ul>\t\t\t\t\t\t<\/div>\n\t\t\t\t<\/div>\n\t\t\t\t\t<\/div>\n\t\t<\/div>\n\t\t\t\t<div class=\"elementor-column elementor-col-50 elementor-inner-column elementor-element elementor-element-6c2a6a1\" data-id=\"6c2a6a1\" data-element_type=\"column\">\n\t\t\t<div class=\"elementor-widget-wrap elementor-element-populated\">\n\t\t\t\t\t\t\t\t<div class=\"elementor-element elementor-element-1bd4087 elementor-arrows-position-inside elementor-pagination-position-outside elementor-widget elementor-widget-image-carousel\" data-id=\"1bd4087\" data-element_type=\"widget\" data-settings=\"{&quot;slides_to_show&quot;:&quot;1&quot;,&quot;navigation&quot;:&quot;both&quot;,&quot;autoplay&quot;:&quot;yes&quot;,&quot;pause_on_hover&quot;:&quot;yes&quot;,&quot;pause_on_interaction&quot;:&quot;yes&quot;,&quot;autoplay_speed&quot;:5000,&quot;infinite&quot;:&quot;yes&quot;,&quot;effect&quot;:&quot;slide&quot;,&quot;speed&quot;:500}\" data-widget_type=\"image-carousel.default\">\n\t\t\t\t<div class=\"elementor-widget-container\">\n\t\t\t<style>\/*! elementor - v3.6.7 - 03-07-2022 *\/\n.elementor-widget-image-carousel .swiper-container{position:static}.elementor-widget-image-carousel .swiper-container .swiper-slide figure{line-height:inherit}.elementor-widget-image-carousel .swiper-slide{text-align:center}.elementor-image-carousel-wrapper:not(.swiper-container-initialized) .swiper-slide{max-width:calc(100% \/ var(--e-image-carousel-slides-to-show, 3))}<\/style>\t\t<div class=\"elementor-image-carousel-wrapper swiper-container\" dir=\"ltr\">\n\t\t\t<div class=\"elementor-image-carousel swiper-wrapper swiper-image-stretch\">\n\t\t\t\t\t\t\t\t<div class=\"swiper-slide\"><figure class=\"swiper-slide-inner\"><img decoding=\"async\" class=\"swiper-slide-image\" src=\"https:\/\/eurosubstrates.com\/wp-content\/uploads\/2022\/09\/Image-04-3-scaled.jpg\" alt=\"Image 04\" \/><\/figure><\/div><div class=\"swiper-slide\"><figure class=\"swiper-slide-inner\"><img decoding=\"async\" class=\"swiper-slide-image\" src=\"https:\/\/eurosubstrates.com\/wp-content\/uploads\/2022\/12\/Bell-Pepper.jpg\" alt=\"Bell Pepper\" \/><\/figure><\/div><div class=\"swiper-slide\"><figure class=\"swiper-slide-inner\"><img decoding=\"async\" class=\"swiper-slide-image\" src=\"https:\/\/eurosubstrates.com\/wp-content\/uploads\/2022\/12\/green-house.jpg\" alt=\"green house\" \/><\/figure><\/div>\t\t\t<\/div>\n\t\t\t\t\t\t\t\t\t\t\t\t<div class=\"swiper-pagination\"><\/div>\n\t\t\t\t\t\t\t\t\t\t\t\t\t<div class=\"elementor-swiper-button elementor-swiper-button-prev\">\n\t\t\t\t\t\t<i aria-hidden=\"true\" class=\"eicon-chevron-left\"><\/i>\t\t\t\t\t\t<span class=\"elementor-screen-only\">Previous<\/span>\n\t\t\t\t\t<\/div>\n\t\t\t\t\t<div class=\"elementor-swiper-button elementor-swiper-button-next\">\n\t\t\t\t\t\t<i aria-hidden=\"true\" class=\"eicon-chevron-right\"><\/i>\t\t\t\t\t\t<span class=\"elementor-screen-only\">Next<\/span>\n\t\t\t\t\t<\/div>\n\t\t\t\t\t\t\t\t\t<\/div>\n\t\t\t\t<\/div>\n\t\t\t\t<\/div>\n\t\t\t\t\t<\/div>\n\t\t<\/div>\n\t\t\t\t\t\t\t<\/div>\n\t\t<\/section>\n\t\t\t\t<section data-particle_enable=\"false\" data-particle-mobile-disabled=\"false\" class=\"elementor-section elementor-inner-section elementor-element elementor-element-b5b72f8 elementor-section-boxed elementor-section-height-default elementor-section-height-default\" data-id=\"b5b72f8\" data-element_type=\"section\" data-settings=\"{&quot;_ha_eqh_enable&quot;:false}\">\n\t\t\t\t\t\t<div class=\"elementor-container elementor-column-gap-default\">\n\t\t\t\t\t<div class=\"elementor-column elementor-col-50 elementor-inner-column elementor-element elementor-element-3f71f54\" data-id=\"3f71f54\" data-element_type=\"column\">\n\t\t\t<div class=\"elementor-widget-wrap\">\n\t\t\t\t\t\t\t\t\t<\/div>\n\t\t<\/div>\n\t\t\t\t<div class=\"elementor-column elementor-col-50 elementor-inner-column elementor-element elementor-element-b38f9d6\" data-id=\"b38f9d6\" data-element_type=\"column\">\n\t\t\t<div class=\"elementor-widget-wrap\">\n\t\t\t\t\t\t\t\t\t<\/div>\n\t\t<\/div>\n\t\t\t\t\t\t\t<\/div>\n\t\t<\/section>\n\t\t\t\t\t<\/div>\n\t\t<\/div>\n\t\t\t\t\t\t\t<\/div>\n\t\t<\/section>\n\t\t\t\t\t\t\t<\/div>","protected":false},"excerpt":{"rendered":"<p>Grow Pots Grow pots also known as \u2018planter bags\u2019 come with pre-cut drain holes so that the bag itself can act like a pot. By just<span class=\"excerpt-hellip\"> [\u2026]<\/span><\/p>","protected":false},"author":1,"featured_media":0,"parent":0,"menu_order":0,"comment_status":"closed","ping_status":"closed","template":"elementor_header_footer","meta":{"footnotes":""},"class_list":["post-550","page","type-page","status-publish","hentry"],"_links":{"self":[{"href":"https:\/\/eurosubstrates.com\/fr\/wp-json\/wp\/v2\/pages\/550","targetHints":{"allow":["GET"]}}],"collection":[{"href":"https:\/\/eurosubstrates.com\/fr\/wp-json\/wp\/v2\/pages"}],"about":[{"href":"https:\/\/eurosubstrates.com\/fr\/wp-json\/wp\/v2\/types\/page"}],"author":[{"embeddable":true,"href":"https:\/\/eurosubstrates.com\/fr\/wp-json\/wp\/v2\/users\/1"}],"replies":[{"embeddable":true,"href":"https:\/\/eurosubstrates.com\/fr\/wp-json\/wp\/v2\/comments?post=550"}],"version-history":[{"count":49,"href":"https:\/\/eurosubstrates.com\/fr\/wp-json\/wp\/v2\/pages\/550\/revisions"}],"predecessor-version":[{"id":1441,"href":"https:\/\/eurosubstrates.com\/fr\/wp-json\/wp\/v2\/pages\/550\/revisions\/1441"}],"wp:attachment":[{"href":"https:\/\/eurosubstrates.com\/fr\/wp-json\/wp\/v2\/media?parent=550"}],"curies":[{"name":"wp","href":"https:\/\/api.w.org\/{rel}","templated":true}]}}