{"id":582,"date":"2022-09-15T11:23:36","date_gmt":"2022-09-15T11:23:36","guid":{"rendered":"https:\/\/slickhost.agency\/eurosub\/?page_id=582"},"modified":"2023-03-22T10:34:45","modified_gmt":"2023-03-22T10:34:45","slug":"products","status":"publish","type":"page","link":"https:\/\/eurosubstrates.com\/fr\/products\/","title":{"rendered":"Des produits"},"content":{"rendered":"<div data-elementor-type=\"wp-page\" data-elementor-id=\"582\" class=\"elementor elementor-582\">\n\t\t\t\t\t\t\t\t\t<section data-particle_enable=\"false\" data-particle-mobile-disabled=\"false\" class=\"elementor-section elementor-top-section elementor-element elementor-element-6382f6d elementor-section-height-min-height elementor-section-boxed elementor-section-height-default elementor-section-items-middle\" data-id=\"6382f6d\" data-element_type=\"section\" data-settings=\"{&quot;background_background&quot;:&quot;classic&quot;,&quot;_ha_eqh_enable&quot;:false}\">\n\t\t\t\t\t\t\t<div class=\"elementor-background-overlay\"><\/div>\n\t\t\t\t\t\t\t<div class=\"elementor-container elementor-column-gap-no\">\n\t\t\t\t\t<div class=\"elementor-column elementor-col-100 elementor-top-column elementor-element elementor-element-6ed8f8d\" data-id=\"6ed8f8d\" data-element_type=\"column\">\n\t\t\t<div class=\"elementor-widget-wrap\">\n\t\t\t\t\t\t\t\t\t<\/div>\n\t\t<\/div>\n\t\t\t\t\t\t\t<\/div>\n\t\t<\/section>\n\t\t\t\t<section data-particle_enable=\"false\" data-particle-mobile-disabled=\"false\" class=\"elementor-section elementor-top-section elementor-element elementor-element-3ea427c elementor-section-boxed elementor-section-height-default elementor-section-height-default\" data-id=\"3ea427c\" data-element_type=\"section\" data-settings=\"{&quot;_ha_eqh_enable&quot;:false}\">\n\t\t\t\t\t\t<div class=\"elementor-container elementor-column-gap-default\">\n\t\t\t\t\t<div class=\"elementor-column elementor-col-100 elementor-top-column elementor-element elementor-element-1269ca5\" data-id=\"1269ca5\" data-element_type=\"column\">\n\t\t\t<div class=\"elementor-widget-wrap elementor-element-populated\">\n\t\t\t\t\t\t\t\t<div class=\"elementor-element elementor-element-07c60b8 elementor-invisible elementor-widget elementor-widget-heading\" data-id=\"07c60b8\" data-element_type=\"widget\" data-settings=\"{&quot;_animation&quot;:&quot;bounceIn&quot;}\" data-widget_type=\"heading.default\">\n\t\t\t\t<div class=\"elementor-widget-container\">\n\t\t\t<style>\/*! elementor - v3.6.7 - 03-07-2022 *\/\n.elementor-heading-title{padding:0;margin:0;line-height:1}.elementor-widget-heading .elementor-heading-title[class*=elementor-size-]>a{color:inherit;font-size:inherit;line-height:inherit}.elementor-widget-heading .elementor-heading-title.elementor-size-small{font-size:15px}.elementor-widget-heading .elementor-heading-title.elementor-size-medium{font-size:19px}.elementor-widget-heading .elementor-heading-title.elementor-size-large{font-size:29px}.elementor-widget-heading .elementor-heading-title.elementor-size-xl{font-size:39px}.elementor-widget-heading .elementor-heading-title.elementor-size-xxl{font-size:59px}<\/style><h1 class=\"elementor-heading-title elementor-size-default\">Gamme de produits diversifi\u00e9e<\/h1>\t\t<\/div>\n\t\t\t\t<\/div>\n\t\t\t\t<div class=\"elementor-element elementor-element-a3b8452 elementor-widget elementor-widget-text-editor\" data-id=\"a3b8452\" data-element_type=\"widget\" data-widget_type=\"text-editor.default\">\n\t\t\t\t<div class=\"elementor-widget-container\">\n\t\t\t<style>\/*! elementor - v3.6.7 - 03-07-2022 *\/\n.elementor-widget-text-editor.elementor-drop-cap-view-stacked .elementor-drop-cap{background-color:#818a91;color:#fff}.elementor-widget-text-editor.elementor-drop-cap-view-framed .elementor-drop-cap{color:#818a91;border:3px solid;background-color:transparent}.elementor-widget-text-editor:not(.elementor-drop-cap-view-default) .elementor-drop-cap{margin-top:8px}.elementor-widget-text-editor:not(.elementor-drop-cap-view-default) .elementor-drop-cap-letter{width:1em;height:1em}.elementor-widget-text-editor .elementor-drop-cap{float:left;text-align:center;line-height:1;font-size:50px}.elementor-widget-text-editor .elementor-drop-cap-letter{display:inline-block}<\/style>\t\t\t\t<p>Nous nous effor\u00e7ons de fournir des produits de la plus haute qualit\u00e9 gr\u00e2ce \u00e0 un processus qui garantit la coh\u00e9rence \u00e0 chaque \u00e9tape avec un syst\u00e8me d'assurance qualit\u00e9 in\u00e9gal\u00e9 dirig\u00e9 par une \u00e9quipe comp\u00e9tente et sp\u00e9cialis\u00e9e. Ce processus rigoureux garantit que seuls les meilleurs produits parviennent \u00e0 nos clients, d\u00e9passant leurs attentes. \u00a0<\/p><p>La meilleure qualit\u00e9 de nos produits associ\u00e9e \u00e0 notre service in\u00e9gal\u00e9 garantit la meilleure exp\u00e9rience client. Nous veillons \u00e0 ce que ces processus \u00e9voluent gr\u00e2ce \u00e0 un processus d'am\u00e9lioration continue afin de continuer \u00e0 fournir les solutions les plus adapt\u00e9es \u00e0 leurs exigences uniques.<\/p>\t\t\t\t\t\t<\/div>\n\t\t\t\t<\/div>\n\t\t\t\t<section data-particle_enable=\"false\" data-particle-mobile-disabled=\"false\" class=\"elementor-section elementor-inner-section elementor-element elementor-element-2473d7b elementor-section-boxed elementor-section-height-default elementor-section-height-default\" data-id=\"2473d7b\" data-element_type=\"section\" data-settings=\"{&quot;_ha_eqh_enable&quot;:false}\">\n\t\t\t\t\t\t<div class=\"elementor-container elementor-column-gap-default\">\n\t\t\t\t\t<div class=\"elementor-column elementor-col-33 elementor-inner-column elementor-element elementor-element-02d9069\" data-id=\"02d9069\" data-element_type=\"column\" data-settings=\"{&quot;background_background&quot;:&quot;classic&quot;}\">\n\t\t\t<div class=\"elementor-widget-wrap elementor-element-populated\">\n\t\t\t\t\t\t\t\t<div class=\"elementor-element elementor-element-173d2b0 elementor-widget elementor-widget-image\" data-id=\"173d2b0\" data-element_type=\"widget\" data-widget_type=\"image.default\">\n\t\t\t\t<div class=\"elementor-widget-container\">\n\t\t\t<style>\/*! elementor - v3.6.7 - 03-07-2022 *\/\n.elementor-widget-image{text-align:center}.elementor-widget-image a{display:inline-block}.elementor-widget-image a img[src$=\".svg\"]{width:48px}.elementor-widget-image img{vertical-align:middle;display:inline-block}<\/style>\t\t\t\t\t\t\t\t\t\t\t\t<img loading=\"lazy\" decoding=\"async\" width=\"413\" height=\"178\" src=\"https:\/\/eurosubstrates.com\/wp-content\/uploads\/2022\/12\/1-1.png\" class=\"attachment-large size-large\" alt=\"\" srcset=\"https:\/\/eurosubstrates.com\/wp-content\/uploads\/2022\/12\/1-1.png 413w, https:\/\/eurosubstrates.com\/wp-content\/uploads\/2022\/12\/1-1-300x129.png 300w, https:\/\/eurosubstrates.com\/wp-content\/uploads\/2022\/12\/1-1-260x112.png 260w, https:\/\/eurosubstrates.com\/wp-content\/uploads\/2022\/12\/1-1-50x22.png 50w, https:\/\/eurosubstrates.com\/wp-content\/uploads\/2022\/12\/1-1-150x65.png 150w\" sizes=\"auto, (max-width: 413px) 100vw, 413px\" \/>\t\t\t\t\t\t\t\t\t\t\t\t\t\t\t<\/div>\n\t\t\t\t<\/div>\n\t\t\t\t<div class=\"elementor-element elementor-element-e3cf94e elementor-widget elementor-widget-heading\" data-id=\"e3cf94e\" data-element_type=\"widget\" data-widget_type=\"heading.default\">\n\t\t\t\t<div class=\"elementor-widget-container\">\n\t\t\t<h2 class=\"elementor-heading-title elementor-size-default\">Sacs de culture<\/h2>\t\t<\/div>\n\t\t\t\t<\/div>\n\t\t\t\t<div class=\"elementor-element elementor-element-b9adf3a elementor-widget elementor-widget-text-editor\" data-id=\"b9adf3a\" data-element_type=\"widget\" data-widget_type=\"text-editor.default\">\n\t\t\t\t<div class=\"elementor-widget-container\">\n\t\t\t\t\t\t\t<p>\u2022 Produit pr\u00eat \u00e0 l'emploi <br \/>\u2022 Id\u00e9al pour les l\u00e9gumes et les fruits rouges <br \/>\u2022 Peut utiliser plusieurs ann\u00e9es pour les cultures. <\/p>\t\t\t\t\t\t<\/div>\n\t\t\t\t<\/div>\n\t\t\t\t<div class=\"elementor-element elementor-element-a588bda elementor-widget elementor-widget-button\" data-id=\"a588bda\" data-element_type=\"widget\" data-widget_type=\"button.default\">\n\t\t\t\t<div class=\"elementor-widget-container\">\n\t\t\t\t\t<div class=\"elementor-button-wrapper\">\n\t\t\t<a href=\"https:\/\/eurosubstrates.com\/index.php\/grow-bags-2\/\" class=\"elementor-button-link elementor-button elementor-size-sm\" role=\"button\">\n\t\t\t\t\t\t<span class=\"elementor-button-content-wrapper\">\n\t\t\t\t\t\t<span class=\"elementor-button-text\">Apprendre encore plus<\/span>\n\t\t<\/span>\n\t\t\t\t\t<\/a>\n\t\t<\/div>\n\t\t\t\t<\/div>\n\t\t\t\t<\/div>\n\t\t\t\t\t<\/div>\n\t\t<\/div>\n\t\t\t\t<div class=\"elementor-column elementor-col-33 elementor-inner-column elementor-element elementor-element-3170db9\" data-id=\"3170db9\" data-element_type=\"column\" data-settings=\"{&quot;background_background&quot;:&quot;classic&quot;}\">\n\t\t\t<div class=\"elementor-widget-wrap elementor-element-populated\">\n\t\t\t\t\t\t\t\t<div class=\"elementor-element elementor-element-e5d5be1 elementor-widget elementor-widget-image\" data-id=\"e5d5be1\" data-element_type=\"widget\" data-widget_type=\"image.default\">\n\t\t\t\t<div class=\"elementor-widget-container\">\n\t\t\t\t\t\t\t\t\t\t\t\t\t\t\t<img loading=\"lazy\" decoding=\"async\" width=\"500\" height=\"278\" src=\"https:\/\/eurosubstrates.com\/wp-content\/uploads\/2023\/01\/new-3.png\" class=\"attachment-large size-large\" alt=\"\" srcset=\"https:\/\/eurosubstrates.com\/wp-content\/uploads\/2023\/01\/new-3.png 500w, https:\/\/eurosubstrates.com\/wp-content\/uploads\/2023\/01\/new-3-300x167.png 300w, https:\/\/eurosubstrates.com\/wp-content\/uploads\/2023\/01\/new-3-260x146.png 260w, https:\/\/eurosubstrates.com\/wp-content\/uploads\/2023\/01\/new-3-50x28.png 50w, https:\/\/eurosubstrates.com\/wp-content\/uploads\/2023\/01\/new-3-135x75.png 135w\" sizes=\"auto, (max-width: 500px) 100vw, 500px\" \/>\t\t\t\t\t\t\t\t\t\t\t\t\t\t\t<\/div>\n\t\t\t\t<\/div>\n\t\t\t\t<div class=\"elementor-element elementor-element-9a4b043 elementor-widget elementor-widget-heading\" data-id=\"9a4b043\" data-element_type=\"widget\" data-widget_type=\"heading.default\">\n\t\t\t\t<div class=\"elementor-widget-container\">\n\t\t\t<h2 class=\"elementor-heading-title elementor-size-default\">Pots de culture<\/h2>\t\t<\/div>\n\t\t\t\t<\/div>\n\t\t\t\t<div class=\"elementor-element elementor-element-eb9ae67 elementor-widget elementor-widget-text-editor\" data-id=\"eb9ae67\" data-element_type=\"widget\" data-widget_type=\"text-editor.default\">\n\t\t\t\t<div class=\"elementor-widget-container\">\n\t\t\t\t\t\t\t<p>\u2022 Pratique et convivial <br \/>\u2022 Id\u00e9al pour cultiver diff\u00e9rentes vari\u00e9t\u00e9s de cultures<br \/>\u2022 La taille peut \u00eatre personnalis\u00e9e<\/p>\t\t\t\t\t\t<\/div>\n\t\t\t\t<\/div>\n\t\t\t\t<div class=\"elementor-element elementor-element-6d3ec5f elementor-widget elementor-widget-button\" data-id=\"6d3ec5f\" data-element_type=\"widget\" data-widget_type=\"button.default\">\n\t\t\t\t<div class=\"elementor-widget-container\">\n\t\t\t\t\t<div class=\"elementor-button-wrapper\">\n\t\t\t<a href=\"https:\/\/eurosubstrates.com\/index.php\/grow-pots\/\" class=\"elementor-button-link elementor-button elementor-size-sm\" role=\"button\">\n\t\t\t\t\t\t<span class=\"elementor-button-content-wrapper\">\n\t\t\t\t\t\t<span class=\"elementor-button-text\">Apprendre encore plus<\/span>\n\t\t<\/span>\n\t\t\t\t\t<\/a>\n\t\t<\/div>\n\t\t\t\t<\/div>\n\t\t\t\t<\/div>\n\t\t\t\t\t<\/div>\n\t\t<\/div>\n\t\t\t\t<div class=\"elementor-column elementor-col-33 elementor-inner-column elementor-element elementor-element-501769d\" data-id=\"501769d\" data-element_type=\"column\" data-settings=\"{&quot;background_background&quot;:&quot;classic&quot;}\">\n\t\t\t<div class=\"elementor-widget-wrap elementor-element-populated\">\n\t\t\t\t\t\t\t\t<div class=\"elementor-element elementor-element-497abd7 elementor-widget elementor-widget-image\" data-id=\"497abd7\" data-element_type=\"widget\" data-widget_type=\"image.default\">\n\t\t\t\t<div class=\"elementor-widget-container\">\n\t\t\t\t\t\t\t\t\t\t\t\t\t\t\t<img loading=\"lazy\" decoding=\"async\" width=\"413\" height=\"178\" src=\"https:\/\/eurosubstrates.com\/wp-content\/uploads\/2022\/12\/5-1.png\" class=\"attachment-large size-large\" alt=\"\" srcset=\"https:\/\/eurosubstrates.com\/wp-content\/uploads\/2022\/12\/5-1.png 413w, https:\/\/eurosubstrates.com\/wp-content\/uploads\/2022\/12\/5-1-300x129.png 300w, https:\/\/eurosubstrates.com\/wp-content\/uploads\/2022\/12\/5-1-260x112.png 260w, https:\/\/eurosubstrates.com\/wp-content\/uploads\/2022\/12\/5-1-50x22.png 50w, https:\/\/eurosubstrates.com\/wp-content\/uploads\/2022\/12\/5-1-150x65.png 150w\" sizes=\"auto, (max-width: 413px) 100vw, 413px\" \/>\t\t\t\t\t\t\t\t\t\t\t\t\t\t\t<\/div>\n\t\t\t\t<\/div>\n\t\t\t\t<div class=\"elementor-element elementor-element-2d6b900 elementor-widget elementor-widget-spacer\" data-id=\"2d6b900\" data-element_type=\"widget\" data-widget_type=\"spacer.default\">\n\t\t\t\t<div class=\"elementor-widget-container\">\n\t\t\t<style>\/*! elementor - v3.6.7 - 03-07-2022 *\/\n.e-container.e-container--row .elementor-spacer-inner{width:var(--spacer-size)}.e-container.e-container--column .elementor-spacer-inner,.elementor-column .elementor-spacer-inner{height:var(--spacer-size)}<\/style>\t\t<div class=\"elementor-spacer\">\n\t\t\t<div class=\"elementor-spacer-inner\"><\/div>\n\t\t<\/div>\n\t\t\t\t<\/div>\n\t\t\t\t<\/div>\n\t\t\t\t<div class=\"elementor-element elementor-element-db51d04 elementor-widget elementor-widget-heading\" data-id=\"db51d04\" data-element_type=\"widget\" data-widget_type=\"heading.default\">\n\t\t\t\t<div class=\"elementor-widget-container\">\n\t\t\t<h2 class=\"elementor-heading-title elementor-size-default\">Cubes de propagation<\/h2>\t\t<\/div>\n\t\t\t\t<\/div>\n\t\t\t\t<div class=\"elementor-element elementor-element-9ac020e elementor-widget elementor-widget-text-editor\" data-id=\"9ac020e\" data-element_type=\"widget\" data-widget_type=\"text-editor.default\">\n\t\t\t\t<div class=\"elementor-widget-container\">\n\t\t\t\t\t\t\t<p>\u2022 Meilleur produit pour les besoins des p\u00e9pini\u00e8res<br \/>\u2022 Mati\u00e8re premi\u00e8re 100 % compostable <br \/>\u2022 Replantation ou transfert facile <\/p>\t\t\t\t\t\t<\/div>\n\t\t\t\t<\/div>\n\t\t\t\t<div class=\"elementor-element elementor-element-d5388fb elementor-widget elementor-widget-button\" data-id=\"d5388fb\" data-element_type=\"widget\" data-widget_type=\"button.default\">\n\t\t\t\t<div class=\"elementor-widget-container\">\n\t\t\t\t\t<div class=\"elementor-button-wrapper\">\n\t\t\t<a href=\"https:\/\/eurosubstrates.com\/index.php\/propagation-cubes\/\" class=\"elementor-button-link elementor-button elementor-size-sm\" role=\"button\">\n\t\t\t\t\t\t<span class=\"elementor-button-content-wrapper\">\n\t\t\t\t\t\t<span class=\"elementor-button-text\">Apprendre encore plus<\/span>\n\t\t<\/span>\n\t\t\t\t\t<\/a>\n\t\t<\/div>\n\t\t\t\t<\/div>\n\t\t\t\t<\/div>\n\t\t\t\t\t<\/div>\n\t\t<\/div>\n\t\t\t\t\t\t\t<\/div>\n\t\t<\/section>\n\t\t\t\t<section data-particle_enable=\"false\" data-particle-mobile-disabled=\"false\" class=\"elementor-section elementor-inner-section elementor-element elementor-element-bd1c0eb elementor-section-boxed elementor-section-height-default elementor-section-height-default\" data-id=\"bd1c0eb\" data-element_type=\"section\" data-settings=\"{&quot;_ha_eqh_enable&quot;:false}\">\n\t\t\t\t\t\t<div class=\"elementor-container elementor-column-gap-default\">\n\t\t\t\t\t<div class=\"elementor-column elementor-col-33 elementor-inner-column elementor-element elementor-element-f9e52aa\" data-id=\"f9e52aa\" data-element_type=\"column\" data-settings=\"{&quot;background_background&quot;:&quot;classic&quot;}\">\n\t\t\t<div class=\"elementor-widget-wrap elementor-element-populated\">\n\t\t\t\t\t\t\t\t<div class=\"elementor-element elementor-element-d9f75a2 elementor-widget elementor-widget-image\" data-id=\"d9f75a2\" data-element_type=\"widget\" data-widget_type=\"image.default\">\n\t\t\t\t<div class=\"elementor-widget-container\">\n\t\t\t\t\t\t\t\t\t\t\t\t\t\t\t<img loading=\"lazy\" decoding=\"async\" width=\"413\" height=\"178\" src=\"https:\/\/eurosubstrates.com\/wp-content\/uploads\/2022\/12\/2-1.png\" class=\"attachment-large size-large\" alt=\"\" srcset=\"https:\/\/eurosubstrates.com\/wp-content\/uploads\/2022\/12\/2-1.png 413w, https:\/\/eurosubstrates.com\/wp-content\/uploads\/2022\/12\/2-1-300x129.png 300w, https:\/\/eurosubstrates.com\/wp-content\/uploads\/2022\/12\/2-1-260x112.png 260w, https:\/\/eurosubstrates.com\/wp-content\/uploads\/2022\/12\/2-1-50x22.png 50w, https:\/\/eurosubstrates.com\/wp-content\/uploads\/2022\/12\/2-1-150x65.png 150w\" sizes=\"auto, (max-width: 413px) 100vw, 413px\" \/>\t\t\t\t\t\t\t\t\t\t\t\t\t\t\t<\/div>\n\t\t\t\t<\/div>\n\t\t\t\t<div class=\"elementor-element elementor-element-36b76fc elementor-widget elementor-widget-heading\" data-id=\"36b76fc\" data-element_type=\"widget\" data-widget_type=\"heading.default\">\n\t\t\t\t<div class=\"elementor-widget-container\">\n\t\t\t<h2 class=\"elementor-heading-title elementor-size-default\">Blocs de coco<\/h2>\t\t<\/div>\n\t\t\t\t<\/div>\n\t\t\t\t<div class=\"elementor-element elementor-element-b93c272 elementor-widget elementor-widget-text-editor\" data-id=\"b93c272\" data-element_type=\"widget\" data-widget_type=\"text-editor.default\">\n\t\t\t\t<div class=\"elementor-widget-container\">\n\t\t\t\t\t\t\t<p>\u2022 Peut \u00eatre utilis\u00e9 dans plusieurs modes d'application<br \/>\u2022 Capacit\u00e9 de chargement pratique <br \/>\u2022 Peut \u00eatre reconstitu\u00e9 en ajoutant de l'eau<\/p>\t\t\t\t\t\t<\/div>\n\t\t\t\t<\/div>\n\t\t\t\t<div class=\"elementor-element elementor-element-8bdf5cf elementor-widget elementor-widget-button\" data-id=\"8bdf5cf\" data-element_type=\"widget\" data-widget_type=\"button.default\">\n\t\t\t\t<div class=\"elementor-widget-container\">\n\t\t\t\t\t<div class=\"elementor-button-wrapper\">\n\t\t\t<a href=\"https:\/\/eurosubstrates.com\/index.php\/coco-blocks\/\" class=\"elementor-button-link elementor-button elementor-size-sm\" role=\"button\">\n\t\t\t\t\t\t<span class=\"elementor-button-content-wrapper\">\n\t\t\t\t\t\t<span class=\"elementor-button-text\">Apprendre encore plus<\/span>\n\t\t<\/span>\n\t\t\t\t\t<\/a>\n\t\t<\/div>\n\t\t\t\t<\/div>\n\t\t\t\t<\/div>\n\t\t\t\t\t<\/div>\n\t\t<\/div>\n\t\t\t\t<div class=\"elementor-column elementor-col-33 elementor-inner-column elementor-element elementor-element-2963ac7\" data-id=\"2963ac7\" data-element_type=\"column\" data-settings=\"{&quot;background_background&quot;:&quot;classic&quot;}\">\n\t\t\t<div class=\"elementor-widget-wrap elementor-element-populated\">\n\t\t\t\t\t\t\t\t<div class=\"elementor-element elementor-element-1e18925 elementor-widget elementor-widget-image\" data-id=\"1e18925\" data-element_type=\"widget\" data-widget_type=\"image.default\">\n\t\t\t\t<div class=\"elementor-widget-container\">\n\t\t\t\t\t\t\t\t\t\t\t\t\t\t\t<img loading=\"lazy\" decoding=\"async\" width=\"413\" height=\"178\" src=\"https:\/\/eurosubstrates.com\/wp-content\/uploads\/2022\/12\/3-1.png\" class=\"attachment-large size-large\" alt=\"\" srcset=\"https:\/\/eurosubstrates.com\/wp-content\/uploads\/2022\/12\/3-1.png 413w, https:\/\/eurosubstrates.com\/wp-content\/uploads\/2022\/12\/3-1-300x129.png 300w, https:\/\/eurosubstrates.com\/wp-content\/uploads\/2022\/12\/3-1-260x112.png 260w, https:\/\/eurosubstrates.com\/wp-content\/uploads\/2022\/12\/3-1-50x22.png 50w, https:\/\/eurosubstrates.com\/wp-content\/uploads\/2022\/12\/3-1-150x65.png 150w\" sizes=\"auto, (max-width: 413px) 100vw, 413px\" \/>\t\t\t\t\t\t\t\t\t\t\t\t\t\t\t<\/div>\n\t\t\t\t<\/div>\n\t\t\t\t<div class=\"elementor-element elementor-element-35ba7ea elementor-widget elementor-widget-heading\" data-id=\"35ba7ea\" data-element_type=\"widget\" data-widget_type=\"heading.default\">\n\t\t\t\t<div class=\"elementor-widget-container\">\n\t\t\t<h2 class=\"elementor-heading-title elementor-size-default\">Disques Coco<\/h2>\t\t<\/div>\n\t\t\t\t<\/div>\n\t\t\t\t<div class=\"elementor-element elementor-element-0a5054d elementor-widget elementor-widget-text-editor\" data-id=\"0a5054d\" data-element_type=\"widget\" data-widget_type=\"text-editor.default\">\n\t\t\t\t<div class=\"elementor-widget-container\">\n\t\t\t\t\t\t\t<p>\u2022 Id\u00e9al pour les plantes en pot de floriculture <br \/>\u2022 Application facile <br \/>\u2022 Plusieurs tailles pour s'adapter aux pots et conteneurs<\/p>\t\t\t\t\t\t<\/div>\n\t\t\t\t<\/div>\n\t\t\t\t<div class=\"elementor-element elementor-element-8a25b8e elementor-widget elementor-widget-button\" data-id=\"8a25b8e\" data-element_type=\"widget\" data-widget_type=\"button.default\">\n\t\t\t\t<div class=\"elementor-widget-container\">\n\t\t\t\t\t<div class=\"elementor-button-wrapper\">\n\t\t\t<a href=\"https:\/\/eurosubstrates.com\/index.php\/coco-discs\/\" class=\"elementor-button-link elementor-button elementor-size-sm\" role=\"button\">\n\t\t\t\t\t\t<span class=\"elementor-button-content-wrapper\">\n\t\t\t\t\t\t<span class=\"elementor-button-text\">Apprendre encore plus<\/span>\n\t\t<\/span>\n\t\t\t\t\t<\/a>\n\t\t<\/div>\n\t\t\t\t<\/div>\n\t\t\t\t<\/div>\n\t\t\t\t\t<\/div>\n\t\t<\/div>\n\t\t\t\t<div class=\"elementor-column elementor-col-33 elementor-inner-column elementor-element elementor-element-0d86f07\" data-id=\"0d86f07\" data-element_type=\"column\" data-settings=\"{&quot;background_background&quot;:&quot;classic&quot;}\">\n\t\t\t<div class=\"elementor-widget-wrap\">\n\t\t\t\t\t\t\t\t\t<\/div>\n\t\t<\/div>\n\t\t\t\t\t\t\t<\/div>\n\t\t<\/section>\n\t\t\t\t\t<\/div>\n\t\t<\/div>\n\t\t\t\t\t\t\t<\/div>\n\t\t<\/section>\n\t\t\t\t\t\t\t<\/div>","protected":false},"excerpt":{"rendered":"<p>Diverse Product Range We strive to provide the finest quality products through a process that guarantees consistency at every single step with an unparalleled quality assurance<span class=\"excerpt-hellip\"> [\u2026]<\/span><\/p>","protected":false},"author":1,"featured_media":0,"parent":0,"menu_order":0,"comment_status":"closed","ping_status":"closed","template":"elementor_header_footer","meta":{"footnotes":""},"class_list":["post-582","page","type-page","status-publish","hentry"],"_links":{"self":[{"href":"https:\/\/eurosubstrates.com\/fr\/wp-json\/wp\/v2\/pages\/582","targetHints":{"allow":["GET"]}}],"collection":[{"href":"https:\/\/eurosubstrates.com\/fr\/wp-json\/wp\/v2\/pages"}],"about":[{"href":"https:\/\/eurosubstrates.com\/fr\/wp-json\/wp\/v2\/types\/page"}],"author":[{"embeddable":true,"href":"https:\/\/eurosubstrates.com\/fr\/wp-json\/wp\/v2\/users\/1"}],"replies":[{"embeddable":true,"href":"https:\/\/eurosubstrates.com\/fr\/wp-json\/wp\/v2\/comments?post=582"}],"version-history":[{"count":61,"href":"https:\/\/eurosubstrates.com\/fr\/wp-json\/wp\/v2\/pages\/582\/revisions"}],"predecessor-version":[{"id":1561,"href":"https:\/\/eurosubstrates.com\/fr\/wp-json\/wp\/v2\/pages\/582\/revisions\/1561"}],"wp:attachment":[{"href":"https:\/\/eurosubstrates.com\/fr\/wp-json\/wp\/v2\/media?parent=582"}],"curies":[{"name":"wp","href":"https:\/\/api.w.org\/{rel}","templated":true}]}}